{"id":3970,"date":"2024-10-22T15:53:58","date_gmt":"2024-10-22T15:53:58","guid":{"rendered":"https:\/\/naturkhem.com\/blog-fr\/"},"modified":"2025-07-17T18:07:18","modified_gmt":"2025-07-17T18:07:18","slug":"blog","status":"publish","type":"page","link":"https:\/\/www.naturkhem.com\/fr\/blog\/","title":{"rendered":"Blog"},"content":{"rendered":"\t\t<div data-elementor-type=\"wp-page\" data-elementor-id=\"3970\" class=\"elementor elementor-3970 elementor-2027\" data-elementor-post-type=\"page\">\n\t\t\t\t<div class=\"elementor-element elementor-element-061ea98 e-flex e-con-boxed e-con e-parent\" data-id=\"061ea98\" data-element_type=\"container\" data-e-type=\"container\">\n\t\t\t\t\t<div class=\"e-con-inner\">\n\t\t<div class=\"elementor-element elementor-element-42ecbc1 e-con-full e-flex e-con e-child\" data-id=\"42ecbc1\" data-element_type=\"container\" data-e-type=\"container\">\n\t\t\t\t<div class=\"elementor-element elementor-element-78d89a7 elementor-widget elementor-widget-heading\" data-id=\"78d89a7\" data-element_type=\"widget\" data-e-type=\"widget\" data-widget_type=\"heading.default\">\n\t\t\t\t<div class=\"elementor-widget-container\">\n\t\t\t\t\t<h1 class=\"elementor-heading-title elementor-size-default\">Blog<\/h1>\t\t\t\t<\/div>\n\t\t\t\t<\/div>\n\t\t\t\t<div class=\"elementor-element elementor-element-1a25f64 elementor-align-left elementor-hidden-desktop elementor-hidden-tablet elementor-hidden-mobile elementor-widget elementor-widget-button\" data-id=\"1a25f64\" data-element_type=\"widget\" data-e-type=\"widget\" data-widget_type=\"button.default\">\n\t\t\t\t<div class=\"elementor-widget-container\">\n\t\t\t\t\t\t\t\t\t<div class=\"elementor-button-wrapper\">\n\t\t\t\t\t<a class=\"elementor-button elementor-button-link elementor-size-sm\" href=\"#\">\n\t\t\t\t\t\t<span class=\"elementor-button-content-wrapper\">\n\t\t\t\t\t\t\t\t\t<span class=\"elementor-button-text\">En savoir plus<\/span>\n\t\t\t\t\t<\/span>\n\t\t\t\t\t<\/a>\n\t\t\t\t<\/div>\n\t\t\t\t\t\t\t\t<\/div>\n\t\t\t\t<\/div>\n\t\t\t\t<\/div>\n\t\t\t\t\t<\/div>\n\t\t\t\t<\/div>\n\t\t<div class=\"elementor-element elementor-element-606b522 e-flex e-con-boxed e-con e-parent\" data-id=\"606b522\" data-element_type=\"container\" data-e-type=\"container\">\n\t\t\t\t\t<div class=\"e-con-inner\">\n\t\t<div class=\"elementor-element elementor-element-f475920 e-con-full e-flex e-con e-child\" data-id=\"f475920\" data-element_type=\"container\" data-e-type=\"container\">\n\t\t\t\t<div class=\"elementor-element elementor-element-1098cf9 elementor-grid-3 elementor-grid-tablet-2 elementor-grid-mobile-1 elementor-posts--thumbnail-top elementor-card-shadow-yes elementor-posts__hover-gradient elementor-widget elementor-widget-posts\" data-id=\"1098cf9\" data-element_type=\"widget\" data-e-type=\"widget\" data-settings=\"{&quot;cards_columns&quot;:&quot;3&quot;,&quot;cards_columns_tablet&quot;:&quot;2&quot;,&quot;cards_columns_mobile&quot;:&quot;1&quot;,&quot;cards_row_gap&quot;:{&quot;unit&quot;:&quot;px&quot;,&quot;size&quot;:35,&quot;sizes&quot;:[]},&quot;cards_row_gap_tablet&quot;:{&quot;unit&quot;:&quot;px&quot;,&quot;size&quot;:&quot;&quot;,&quot;sizes&quot;:[]},&quot;cards_row_gap_mobile&quot;:{&quot;unit&quot;:&quot;px&quot;,&quot;size&quot;:&quot;&quot;,&quot;sizes&quot;:[]}}\" data-widget_type=\"posts.cards\">\n\t\t\t\t<div class=\"elementor-widget-container\">\n\t\t\t\t\t\t\t<div class=\"elementor-posts-container elementor-posts elementor-posts--skin-cards elementor-grid\" role=\"list\">\n\t\t\t\t<article class=\"elementor-post elementor-grid-item post-4701 post type-post status-publish format-standard has-post-thumbnail hentry category-blog\" role=\"listitem\">\n\t\t\t<div class=\"elementor-post__card\">\n\t\t\t\t<a class=\"elementor-post__thumbnail__link\" href=\"https:\/\/www.naturkhem.com\/fr\/blog\/khemechemical-stimule-la-recherche-agricole-avec-lirnasa-csic\/\" tabindex=\"-1\" ><div class=\"elementor-post__thumbnail\"><img fetchpriority=\"high\" decoding=\"async\" width=\"300\" height=\"200\" src=\"https:\/\/www.naturkhem.com\/wp-content\/uploads\/2026\/03\/blog-marzo-2026-300x200.jpg\" class=\"attachment-medium size-medium wp-image-4698\" alt=\"\" srcset=\"https:\/\/www.naturkhem.com\/wp-content\/uploads\/2026\/03\/blog-marzo-2026-300x200.jpg 300w, https:\/\/www.naturkhem.com\/wp-content\/uploads\/2026\/03\/blog-marzo-2026-768x511.jpg 768w, https:\/\/www.naturkhem.com\/wp-content\/uploads\/2026\/03\/blog-marzo-2026.jpg 800w\" sizes=\"(max-width: 300px) 100vw, 300px\" \/><\/div><\/a>\n\t\t\t\t<div class=\"elementor-post__badge\">Blog<\/div>\n\t\t\t\t<div class=\"elementor-post__text\">\n\t\t\t\t<h3 class=\"elementor-post__title\">\n\t\t\t<a href=\"https:\/\/www.naturkhem.com\/fr\/blog\/khemechemical-stimule-la-recherche-agricole-avec-lirnasa-csic\/\" >\n\t\t\t\tKhemeChemical stimule la recherche agricole avec l\u2019IRNASA-CSIC\t\t\t<\/a>\n\t\t<\/h3>\n\t\t\t\t<div class=\"elementor-post__excerpt\">\n\t\t\t<p>Chez Naturkhem, nous sommes particuli\u00e8rement fiers de participer \u00e0 des initiatives de recherche men\u00e9es en collaboration avec l\u2019Instituto de Recursos Naturales y Agrobiolog\u00eda de Salamanca<\/p>\n\t\t<\/div>\n\t\t\n\t\t<a class=\"elementor-post__read-more\" href=\"https:\/\/www.naturkhem.com\/fr\/blog\/khemechemical-stimule-la-recherche-agricole-avec-lirnasa-csic\/\" aria-label=\"En savoir plus sur KhemeChemical stimule la recherche agricole avec l\u2019IRNASA-CSIC\" tabindex=\"-1\" >\n\t\t\tEn savoir plus \u00bb\t\t<\/a>\n\n\t\t\t\t<\/div>\n\t\t\t\t<div class=\"elementor-post__meta-data\">\n\t\t\t\t\t<span class=\"elementor-post-date\">\n\t\t\tmars 9, 2026\t\t<\/span>\n\t\t\t\t<span class=\"elementor-post-avatar\">\n\t\t\tAucun commentaire\t\t<\/span>\n\t\t\t\t<\/div>\n\t\t\t\t\t<\/div>\n\t\t<\/article>\n\t\t\t\t<article class=\"elementor-post elementor-grid-item post-4244 post type-post status-publish format-standard has-post-thumbnail hentry category-blog\" role=\"listitem\">\n\t\t\t<div class=\"elementor-post__card\">\n\t\t\t\t<a class=\"elementor-post__thumbnail__link\" href=\"https:\/\/www.naturkhem.com\/fr\/blog\/de-la-ferme-a-la-table\/\" tabindex=\"-1\" ><div class=\"elementor-post__thumbnail\"><img decoding=\"async\" width=\"300\" height=\"200\" src=\"https:\/\/www.naturkhem.com\/wp-content\/uploads\/2026\/01\/blog-300x200.jpg\" class=\"attachment-medium size-medium wp-image-4241\" alt=\"\" srcset=\"https:\/\/www.naturkhem.com\/wp-content\/uploads\/2026\/01\/blog-300x200.jpg 300w, https:\/\/www.naturkhem.com\/wp-content\/uploads\/2026\/01\/blog-768x511.jpg 768w, https:\/\/www.naturkhem.com\/wp-content\/uploads\/2026\/01\/blog.jpg 800w\" sizes=\"(max-width: 300px) 100vw, 300px\" \/><\/div><\/a>\n\t\t\t\t<div class=\"elementor-post__badge\">Blog<\/div>\n\t\t\t\t<div class=\"elementor-post__text\">\n\t\t\t\t<h3 class=\"elementor-post__title\">\n\t\t\t<a href=\"https:\/\/www.naturkhem.com\/fr\/blog\/de-la-ferme-a-la-table\/\" >\n\t\t\t\tDe la ferme \u00e0 la table\t\t\t<\/a>\n\t\t<\/h3>\n\t\t\t\t<div class=\"elementor-post__excerpt\">\n\t\t\t<p>L\u2019agriculture europ\u00e9enne \u00e9volue vers un mod\u00e8le plus durable, port\u00e9 par le Pactevert europ\u00e9en, la strat\u00e9gie \u00ab De la ferme \u00e0 la table \u00bb et une<\/p>\n\t\t<\/div>\n\t\t\n\t\t<a class=\"elementor-post__read-more\" href=\"https:\/\/www.naturkhem.com\/fr\/blog\/de-la-ferme-a-la-table\/\" aria-label=\"En savoir plus sur De la ferme \u00e0 la table\" tabindex=\"-1\" >\n\t\t\tEn savoir plus \u00bb\t\t<\/a>\n\n\t\t\t\t<\/div>\n\t\t\t\t<div class=\"elementor-post__meta-data\">\n\t\t\t\t\t<span class=\"elementor-post-date\">\n\t\t\tjanvier 12, 2026\t\t<\/span>\n\t\t\t\t<span class=\"elementor-post-avatar\">\n\t\t\tAucun commentaire\t\t<\/span>\n\t\t\t\t<\/div>\n\t\t\t\t\t<\/div>\n\t\t<\/article>\n\t\t\t\t<article class=\"elementor-post elementor-grid-item post-4216 post type-post status-publish format-standard has-post-thumbnail hentry category-blog\" role=\"listitem\">\n\t\t\t<div class=\"elementor-post__card\">\n\t\t\t\t<a class=\"elementor-post__thumbnail__link\" href=\"https:\/\/www.naturkhem.com\/fr\/blog\/reflexions-apres-fruit-attraction-2025\/\" tabindex=\"-1\" ><div class=\"elementor-post__thumbnail\"><img decoding=\"async\" width=\"300\" height=\"200\" src=\"https:\/\/www.naturkhem.com\/wp-content\/uploads\/2025\/10\/BLOG-OCT-300x200.jpg\" class=\"attachment-medium size-medium wp-image-4212\" alt=\"\" srcset=\"https:\/\/www.naturkhem.com\/wp-content\/uploads\/2025\/10\/BLOG-OCT-300x200.jpg 300w, https:\/\/www.naturkhem.com\/wp-content\/uploads\/2025\/10\/BLOG-OCT-768x511.jpg 768w, https:\/\/www.naturkhem.com\/wp-content\/uploads\/2025\/10\/BLOG-OCT.jpg 800w\" sizes=\"(max-width: 300px) 100vw, 300px\" \/><\/div><\/a>\n\t\t\t\t<div class=\"elementor-post__badge\">Blog<\/div>\n\t\t\t\t<div class=\"elementor-post__text\">\n\t\t\t\t<h3 class=\"elementor-post__title\">\n\t\t\t<a href=\"https:\/\/www.naturkhem.com\/fr\/blog\/reflexions-apres-fruit-attraction-2025\/\" >\n\t\t\t\tR\u00e9flexions apr\u00e8s Fruit Attraction 2025\t\t\t<\/a>\n\t\t<\/h3>\n\t\t\t\t<div class=\"elementor-post__excerpt\">\n\t\t\t<p>Ce mois-ci, nous avons eu l\u2019occasion de faire le bilan et d\u2019\u00e9valuer tout ce que notre participation \u00e0 Fruit Attraction nous a apport\u00e9. En regardant<\/p>\n\t\t<\/div>\n\t\t\n\t\t<a class=\"elementor-post__read-more\" href=\"https:\/\/www.naturkhem.com\/fr\/blog\/reflexions-apres-fruit-attraction-2025\/\" aria-label=\"En savoir plus sur R\u00e9flexions apr\u00e8s Fruit Attraction 2025\" tabindex=\"-1\" >\n\t\t\tEn savoir plus \u00bb\t\t<\/a>\n\n\t\t\t\t<\/div>\n\t\t\t\t<div class=\"elementor-post__meta-data\">\n\t\t\t\t\t<span class=\"elementor-post-date\">\n\t\t\toctobre 28, 2025\t\t<\/span>\n\t\t\t\t<span class=\"elementor-post-avatar\">\n\t\t\tAucun commentaire\t\t<\/span>\n\t\t\t\t<\/div>\n\t\t\t\t\t<\/div>\n\t\t<\/article>\n\t\t\t\t<article class=\"elementor-post elementor-grid-item post-3972 post type-post status-publish format-standard has-post-thumbnail hentry category-blog\" role=\"listitem\">\n\t\t\t<div class=\"elementor-post__card\">\n\t\t\t\t<a class=\"elementor-post__thumbnail__link\" href=\"https:\/\/www.naturkhem.com\/fr\/blog\/evaluation-de-leffet-des-biostimulants-sur-le-sorgho-en-conditions-de-stress-hydrique-et-de-limitation-en-azote\/\" tabindex=\"-1\" ><div class=\"elementor-post__thumbnail\"><img loading=\"lazy\" decoding=\"async\" width=\"300\" height=\"200\" src=\"https:\/\/www.naturkhem.com\/wp-content\/uploads\/2025\/07\/BLOG-4-300x200.jpg\" class=\"attachment-medium size-medium wp-image-3799\" alt=\"\" srcset=\"https:\/\/www.naturkhem.com\/wp-content\/uploads\/2025\/07\/BLOG-4-300x200.jpg 300w, https:\/\/www.naturkhem.com\/wp-content\/uploads\/2025\/07\/BLOG-4-768x511.jpg 768w, https:\/\/www.naturkhem.com\/wp-content\/uploads\/2025\/07\/BLOG-4.jpg 800w\" sizes=\"(max-width: 300px) 100vw, 300px\" \/><\/div><\/a>\n\t\t\t\t<div class=\"elementor-post__badge\">Blog<\/div>\n\t\t\t\t<div class=\"elementor-post__text\">\n\t\t\t\t<h3 class=\"elementor-post__title\">\n\t\t\t<a href=\"https:\/\/www.naturkhem.com\/fr\/blog\/evaluation-de-leffet-des-biostimulants-sur-le-sorgho-en-conditions-de-stress-hydrique-et-de-limitation-en-azote\/\" >\n\t\t\t\t\u00c9valuation de l\u2019effet des biostimulants sur le sorgho en conditions de stress hydrique et de limitation en azote\t\t\t<\/a>\n\t\t<\/h3>\n\t\t\t\t<div class=\"elementor-post__excerpt\">\n\t\t\t<p>En collaboration avec naturKhem, le Dryland Ecology and Global Change Lab de KAUST (King Abdullah University of Science and Technology) a men\u00e9 sa premi\u00e8re exp\u00e9rience,<\/p>\n\t\t<\/div>\n\t\t\n\t\t<a class=\"elementor-post__read-more\" href=\"https:\/\/www.naturkhem.com\/fr\/blog\/evaluation-de-leffet-des-biostimulants-sur-le-sorgho-en-conditions-de-stress-hydrique-et-de-limitation-en-azote\/\" aria-label=\"En savoir plus sur \u00c9valuation de l\u2019effet des biostimulants sur le sorgho en conditions de stress hydrique et de limitation en azote\" tabindex=\"-1\" >\n\t\t\tEn savoir plus \u00bb\t\t<\/a>\n\n\t\t\t\t<\/div>\n\t\t\t\t<div class=\"elementor-post__meta-data\">\n\t\t\t\t\t<span class=\"elementor-post-date\">\n\t\t\tjuillet 9, 2025\t\t<\/span>\n\t\t\t\t<span class=\"elementor-post-avatar\">\n\t\t\tAucun commentaire\t\t<\/span>\n\t\t\t\t<\/div>\n\t\t\t\t\t<\/div>\n\t\t<\/article>\n\t\t\t\t<article class=\"elementor-post elementor-grid-item post-3973 post type-post status-publish format-standard has-post-thumbnail hentry category-blog\" role=\"listitem\">\n\t\t\t<div class=\"elementor-post__card\">\n\t\t\t\t<a class=\"elementor-post__thumbnail__link\" href=\"https:\/\/www.naturkhem.com\/fr\/blog\/solutions-naturkhem-face-aux-effets-du-changement-climatique-sur-les-cultures\/\" tabindex=\"-1\" ><div class=\"elementor-post__thumbnail\"><img loading=\"lazy\" decoding=\"async\" width=\"300\" height=\"200\" src=\"https:\/\/www.naturkhem.com\/wp-content\/uploads\/2025\/06\/BLOG3-300x200.jpg\" class=\"attachment-medium size-medium wp-image-3795\" alt=\"\" srcset=\"https:\/\/www.naturkhem.com\/wp-content\/uploads\/2025\/06\/BLOG3-300x200.jpg 300w, https:\/\/www.naturkhem.com\/wp-content\/uploads\/2025\/06\/BLOG3-768x511.jpg 768w, https:\/\/www.naturkhem.com\/wp-content\/uploads\/2025\/06\/BLOG3.jpg 800w\" sizes=\"(max-width: 300px) 100vw, 300px\" \/><\/div><\/a>\n\t\t\t\t<div class=\"elementor-post__badge\">Blog<\/div>\n\t\t\t\t<div class=\"elementor-post__text\">\n\t\t\t\t<h3 class=\"elementor-post__title\">\n\t\t\t<a href=\"https:\/\/www.naturkhem.com\/fr\/blog\/solutions-naturkhem-face-aux-effets-du-changement-climatique-sur-les-cultures\/\" >\n\t\t\t\tSolutions naturKhem face aux effets du changement climatique sur les cultures\t\t\t<\/a>\n\t\t<\/h3>\n\t\t\t\t<div class=\"elementor-post__excerpt\">\n\t\t\t<p>NaturKhem a d\u00e9velopp\u00e9 plusieurs solutions favorisant l\u2019agriculture durable, d\u00e9montrant leur efficacit\u00e9 pour r\u00e9duire le stress des plantes, notamment en conditions de chaleur extr\u00eame. Un exemple<\/p>\n\t\t<\/div>\n\t\t\n\t\t<a class=\"elementor-post__read-more\" href=\"https:\/\/www.naturkhem.com\/fr\/blog\/solutions-naturkhem-face-aux-effets-du-changement-climatique-sur-les-cultures\/\" aria-label=\"En savoir plus sur Solutions naturKhem face aux effets du changement climatique sur les cultures\" tabindex=\"-1\" >\n\t\t\tEn savoir plus \u00bb\t\t<\/a>\n\n\t\t\t\t<\/div>\n\t\t\t\t<div class=\"elementor-post__meta-data\">\n\t\t\t\t\t<span class=\"elementor-post-date\">\n\t\t\tjuin 6, 2025\t\t<\/span>\n\t\t\t\t<span class=\"elementor-post-avatar\">\n\t\t\tAucun commentaire\t\t<\/span>\n\t\t\t\t<\/div>\n\t\t\t\t\t<\/div>\n\t\t<\/article>\n\t\t\t\t<article class=\"elementor-post elementor-grid-item post-3974 post type-post status-publish format-standard has-post-thumbnail hentry category-blog\" role=\"listitem\">\n\t\t\t<div class=\"elementor-post__card\">\n\t\t\t\t<a class=\"elementor-post__thumbnail__link\" href=\"https:\/\/www.naturkhem.com\/fr\/blog\/le-riz-une-culture-emblematique-de-la-communaute-valencienne-dune-grande-importance-economique-et-culturelle\/\" tabindex=\"-1\" ><div class=\"elementor-post__thumbnail\"><img loading=\"lazy\" decoding=\"async\" width=\"300\" height=\"200\" src=\"https:\/\/www.naturkhem.com\/wp-content\/uploads\/2025\/06\/BLOG-2-300x200.jpg\" class=\"attachment-medium size-medium wp-image-3785\" alt=\"\" srcset=\"https:\/\/www.naturkhem.com\/wp-content\/uploads\/2025\/06\/BLOG-2-300x200.jpg 300w, https:\/\/www.naturkhem.com\/wp-content\/uploads\/2025\/06\/BLOG-2-768x511.jpg 768w, https:\/\/www.naturkhem.com\/wp-content\/uploads\/2025\/06\/BLOG-2.jpg 800w\" sizes=\"(max-width: 300px) 100vw, 300px\" \/><\/div><\/a>\n\t\t\t\t<div class=\"elementor-post__badge\">Blog<\/div>\n\t\t\t\t<div class=\"elementor-post__text\">\n\t\t\t\t<h3 class=\"elementor-post__title\">\n\t\t\t<a href=\"https:\/\/www.naturkhem.com\/fr\/blog\/le-riz-une-culture-emblematique-de-la-communaute-valencienne-dune-grande-importance-economique-et-culturelle\/\" >\n\t\t\t\tLe riz, une culture embl\u00e9matique de la Communaut\u00e9 valencienne, d\u2019une grande importance \u00e9conomique et culturelle\t\t\t<\/a>\n\t\t<\/h3>\n\t\t\t\t<div class=\"elementor-post__excerpt\">\n\t\t\t<p>La production moyenne de riz dans la r\u00e9gion entre 2018 et 2023 \u00e9tait de 7,3 t\/ha. Cependant, selon les donn\u00e9es pr\u00e9liminaires de la Generalitat Valenciana<\/p>\n\t\t<\/div>\n\t\t\n\t\t<a class=\"elementor-post__read-more\" href=\"https:\/\/www.naturkhem.com\/fr\/blog\/le-riz-une-culture-emblematique-de-la-communaute-valencienne-dune-grande-importance-economique-et-culturelle\/\" aria-label=\"En savoir plus sur Le riz, une culture embl\u00e9matique de la Communaut\u00e9 valencienne, d\u2019une grande importance \u00e9conomique et culturelle\" tabindex=\"-1\" >\n\t\t\tEn savoir plus \u00bb\t\t<\/a>\n\n\t\t\t\t<\/div>\n\t\t\t\t<div class=\"elementor-post__meta-data\">\n\t\t\t\t\t<span class=\"elementor-post-date\">\n\t\t\tjuin 6, 2025\t\t<\/span>\n\t\t\t\t<span class=\"elementor-post-avatar\">\n\t\t\tAucun commentaire\t\t<\/span>\n\t\t\t\t<\/div>\n\t\t\t\t\t<\/div>\n\t\t<\/article>\n\t\t\t\t<\/div>\n\t\t\n\t\t\t\t\t\t<\/div>\n\t\t\t\t<\/div>\n\t\t\t\t<\/div>\n\t\t\t\t\t<\/div>\n\t\t\t\t<\/div>\n\t\t\t\t<\/div>\n\t\t","protected":false},"excerpt":{"rendered":"<p>Blog En savoir plus<\/p>\n","protected":false},"author":5,"featured_media":0,"parent":0,"menu_order":0,"comment_status":"closed","ping_status":"closed","template":"","meta":{"inline_featured_image":false,"footnotes":""},"categories":[],"tags":[],"class_list":["post-3970","page","type-page","status-publish","hentry"],"yoast_head":"<!-- This site is optimized with the Yoast SEO plugin v27.5 - https:\/\/yoast.com\/product\/yoast-seo-wordpress\/ -->\n<title>Blog - NaturKhem<\/title>\n<meta name=\"robots\" content=\"index, follow, max-snippet:-1, max-image-preview:large, max-video-preview:-1\" \/>\n<link rel=\"canonical\" href=\"https:\/\/www.naturkhem.com\/fr\/blog\/\" \/>\n<meta property=\"og:locale\" content=\"fr_FR\" \/>\n<meta property=\"og:type\" content=\"article\" \/>\n<meta property=\"og:title\" content=\"Blog - NaturKhem\" \/>\n<meta property=\"og:description\" content=\"Blog En savoir plus\" \/>\n<meta property=\"og:url\" content=\"https:\/\/www.naturkhem.com\/fr\/blog\/\" \/>\n<meta property=\"og:site_name\" content=\"NaturKhem\" \/>\n<meta property=\"article:modified_time\" content=\"2025-07-17T18:07:18+00:00\" \/>\n<meta name=\"twitter:card\" content=\"summary_large_image\" \/>\n<script type=\"application\/ld+json\" class=\"yoast-schema-graph\">{\"@context\":\"https:\\\/\\\/schema.org\",\"@graph\":[{\"@type\":\"WebPage\",\"@id\":\"https:\\\/\\\/www.naturkhem.com\\\/fr\\\/blog\\\/\",\"url\":\"https:\\\/\\\/www.naturkhem.com\\\/fr\\\/blog\\\/\",\"name\":\"Blog - NaturKhem\",\"isPartOf\":{\"@id\":\"https:\\\/\\\/www.naturkhem.com\\\/fr\\\/#website\"},\"datePublished\":\"2024-10-22T15:53:58+00:00\",\"dateModified\":\"2025-07-17T18:07:18+00:00\",\"breadcrumb\":{\"@id\":\"https:\\\/\\\/www.naturkhem.com\\\/fr\\\/blog\\\/#breadcrumb\"},\"inLanguage\":\"fr-FR\",\"potentialAction\":[{\"@type\":\"ReadAction\",\"target\":[\"https:\\\/\\\/www.naturkhem.com\\\/fr\\\/blog\\\/\"]}]},{\"@type\":\"BreadcrumbList\",\"@id\":\"https:\\\/\\\/www.naturkhem.com\\\/fr\\\/blog\\\/#breadcrumb\",\"itemListElement\":[{\"@type\":\"ListItem\",\"position\":1,\"name\":\"Portada\",\"item\":\"https:\\\/\\\/www.naturkhem.com\\\/fr\\\/\"},{\"@type\":\"ListItem\",\"position\":2,\"name\":\"Blog\"}]},{\"@type\":\"WebSite\",\"@id\":\"https:\\\/\\\/www.naturkhem.com\\\/fr\\\/#website\",\"url\":\"https:\\\/\\\/www.naturkhem.com\\\/fr\\\/\",\"name\":\"NaturKhem\",\"description\":\"NaturKhem\",\"publisher\":{\"@id\":\"https:\\\/\\\/www.naturkhem.com\\\/fr\\\/#organization\"},\"potentialAction\":[{\"@type\":\"SearchAction\",\"target\":{\"@type\":\"EntryPoint\",\"urlTemplate\":\"https:\\\/\\\/www.naturkhem.com\\\/fr\\\/?s={search_term_string}\"},\"query-input\":{\"@type\":\"PropertyValueSpecification\",\"valueRequired\":true,\"valueName\":\"search_term_string\"}}],\"inLanguage\":\"fr-FR\"},{\"@type\":\"Organization\",\"@id\":\"https:\\\/\\\/www.naturkhem.com\\\/fr\\\/#organization\",\"name\":\"NaturKhem\",\"url\":\"https:\\\/\\\/www.naturkhem.com\\\/fr\\\/\",\"logo\":{\"@type\":\"ImageObject\",\"inLanguage\":\"fr-FR\",\"@id\":\"https:\\\/\\\/www.naturkhem.com\\\/fr\\\/#\\\/schema\\\/logo\\\/image\\\/\",\"url\":\"https:\\\/\\\/www.naturkhem.com\\\/wp-content\\\/uploads\\\/2024\\\/07\\\/cropped-LOGO-NK-VERDE.png\",\"contentUrl\":\"https:\\\/\\\/www.naturkhem.com\\\/wp-content\\\/uploads\\\/2024\\\/07\\\/cropped-LOGO-NK-VERDE.png\",\"width\":400,\"height\":73,\"caption\":\"NaturKhem\"},\"image\":{\"@id\":\"https:\\\/\\\/www.naturkhem.com\\\/fr\\\/#\\\/schema\\\/logo\\\/image\\\/\"}}]}<\/script>\n<!-- \/ Yoast SEO plugin. -->","yoast_head_json":{"title":"Blog - NaturKhem","robots":{"index":"index","follow":"follow","max-snippet":"max-snippet:-1","max-image-preview":"max-image-preview:large","max-video-preview":"max-video-preview:-1"},"canonical":"https:\/\/www.naturkhem.com\/fr\/blog\/","og_locale":"fr_FR","og_type":"article","og_title":"Blog - NaturKhem","og_description":"Blog En savoir plus","og_url":"https:\/\/www.naturkhem.com\/fr\/blog\/","og_site_name":"NaturKhem","article_modified_time":"2025-07-17T18:07:18+00:00","twitter_card":"summary_large_image","schema":{"@context":"https:\/\/schema.org","@graph":[{"@type":"WebPage","@id":"https:\/\/www.naturkhem.com\/fr\/blog\/","url":"https:\/\/www.naturkhem.com\/fr\/blog\/","name":"Blog - NaturKhem","isPartOf":{"@id":"https:\/\/www.naturkhem.com\/fr\/#website"},"datePublished":"2024-10-22T15:53:58+00:00","dateModified":"2025-07-17T18:07:18+00:00","breadcrumb":{"@id":"https:\/\/www.naturkhem.com\/fr\/blog\/#breadcrumb"},"inLanguage":"fr-FR","potentialAction":[{"@type":"ReadAction","target":["https:\/\/www.naturkhem.com\/fr\/blog\/"]}]},{"@type":"BreadcrumbList","@id":"https:\/\/www.naturkhem.com\/fr\/blog\/#breadcrumb","itemListElement":[{"@type":"ListItem","position":1,"name":"Portada","item":"https:\/\/www.naturkhem.com\/fr\/"},{"@type":"ListItem","position":2,"name":"Blog"}]},{"@type":"WebSite","@id":"https:\/\/www.naturkhem.com\/fr\/#website","url":"https:\/\/www.naturkhem.com\/fr\/","name":"NaturKhem","description":"NaturKhem","publisher":{"@id":"https:\/\/www.naturkhem.com\/fr\/#organization"},"potentialAction":[{"@type":"SearchAction","target":{"@type":"EntryPoint","urlTemplate":"https:\/\/www.naturkhem.com\/fr\/?s={search_term_string}"},"query-input":{"@type":"PropertyValueSpecification","valueRequired":true,"valueName":"search_term_string"}}],"inLanguage":"fr-FR"},{"@type":"Organization","@id":"https:\/\/www.naturkhem.com\/fr\/#organization","name":"NaturKhem","url":"https:\/\/www.naturkhem.com\/fr\/","logo":{"@type":"ImageObject","inLanguage":"fr-FR","@id":"https:\/\/www.naturkhem.com\/fr\/#\/schema\/logo\/image\/","url":"https:\/\/www.naturkhem.com\/wp-content\/uploads\/2024\/07\/cropped-LOGO-NK-VERDE.png","contentUrl":"https:\/\/www.naturkhem.com\/wp-content\/uploads\/2024\/07\/cropped-LOGO-NK-VERDE.png","width":400,"height":73,"caption":"NaturKhem"},"image":{"@id":"https:\/\/www.naturkhem.com\/fr\/#\/schema\/logo\/image\/"}}]}},"_links":{"self":[{"href":"https:\/\/www.naturkhem.com\/fr\/wp-json\/wp\/v2\/pages\/3970","targetHints":{"allow":["GET"]}}],"collection":[{"href":"https:\/\/www.naturkhem.com\/fr\/wp-json\/wp\/v2\/pages"}],"about":[{"href":"https:\/\/www.naturkhem.com\/fr\/wp-json\/wp\/v2\/types\/page"}],"author":[{"embeddable":true,"href":"https:\/\/www.naturkhem.com\/fr\/wp-json\/wp\/v2\/users\/5"}],"replies":[{"embeddable":true,"href":"https:\/\/www.naturkhem.com\/fr\/wp-json\/wp\/v2\/comments?post=3970"}],"version-history":[{"count":2,"href":"https:\/\/www.naturkhem.com\/fr\/wp-json\/wp\/v2\/pages\/3970\/revisions"}],"predecessor-version":[{"id":3981,"href":"https:\/\/www.naturkhem.com\/fr\/wp-json\/wp\/v2\/pages\/3970\/revisions\/3981"}],"wp:attachment":[{"href":"https:\/\/www.naturkhem.com\/fr\/wp-json\/wp\/v2\/media?parent=3970"}],"wp:term":[{"taxonomy":"category","embeddable":true,"href":"https:\/\/www.naturkhem.com\/fr\/wp-json\/wp\/v2\/categories?post=3970"},{"taxonomy":"post_tag","embeddable":true,"href":"https:\/\/www.naturkhem.com\/fr\/wp-json\/wp\/v2\/tags?post=3970"}],"curies":[{"name":"wp","href":"https:\/\/api.w.org\/{rel}","templated":true}]}}